{"id":95,"date":"2023-11-14T18:25:10","date_gmt":"2023-11-14T18:25:10","guid":{"rendered":"http:\/\/845.ablak.arnes.si\/?page_id=95"},"modified":"2024-04-04T12:46:23","modified_gmt":"2024-04-04T12:46:23","slug":"novice","status":"publish","type":"page","link":"https:\/\/vrtecmorje.si\/","title":{"rendered":"Novice"},"content":{"rendered":"\n<div class=\"wp-block-cover is-light has-ast-global-color-0-color has-text-color\"><span aria-hidden=\"true\" class=\"wp-block-cover__background has-background-dim-100 has-background-dim has-background-gradient\" style=\"background:radial-gradient(rgba(0,201,252,0.58) 0%,rgba(0,212,255,0.03) 100%)\"><\/span><div class=\"wp-block-cover__inner-container is-layout-constrained wp-block-cover-is-layout-constrained\">\n<p class=\"has-text-align-center has-ast-global-color-0-color has-text-color has-large-font-size\"><strong>DOGODKI<\/strong><\/p>\n\n\n<ul style=\"background-color:#c7e8f8;\" class=\"wp-block-latest-posts__list is-grid columns-3 has-dates has-text-color has-ast-global-color-7-color has-background wp-block-latest-posts\"><li><div class=\"wp-block-latest-posts__featured-image\"><a href=\"https:\/\/vrtecmorje.si\/?p=2048\" aria-label=\"PODNEBNI TEK\"><img loading=\"lazy\" width=\"1024\" height=\"1024\" src=\"https:\/\/vrtecmorje.si\/wp-content\/uploads\/2026\/04\/IMG-f1e461695b9a4bb6d25b63ed19985fdf-V-1024x1024.jpg\" class=\"attachment-large size-large wp-post-image\" alt=\"\" decoding=\"async\" style=\"\" srcset=\"https:\/\/vrtecmorje.si\/wp-content\/uploads\/2026\/04\/IMG-f1e461695b9a4bb6d25b63ed19985fdf-V-1024x1024.jpg 1024w, https:\/\/vrtecmorje.si\/wp-content\/uploads\/2026\/04\/IMG-f1e461695b9a4bb6d25b63ed19985fdf-V-300x300.jpg 300w, https:\/\/vrtecmorje.si\/wp-content\/uploads\/2026\/04\/IMG-f1e461695b9a4bb6d25b63ed19985fdf-V-150x150.jpg 150w, https:\/\/vrtecmorje.si\/wp-content\/uploads\/2026\/04\/IMG-f1e461695b9a4bb6d25b63ed19985fdf-V-768x768.jpg 768w, https:\/\/vrtecmorje.si\/wp-content\/uploads\/2026\/04\/IMG-f1e461695b9a4bb6d25b63ed19985fdf-V-1536x1536.jpg 1536w, https:\/\/vrtecmorje.si\/wp-content\/uploads\/2026\/04\/IMG-f1e461695b9a4bb6d25b63ed19985fdf-V.jpg 1600w\" sizes=\"(max-width: 1024px) 100vw, 1024px\" \/><\/a><\/div><a class=\"wp-block-latest-posts__post-title\" href=\"https:\/\/vrtecmorje.si\/?p=2048\">PODNEBNI TEK<\/a><time datetime=\"2026-04-09T11:53:30+00:00\" class=\"wp-block-latest-posts__post-date\">09.04.2026<\/time><div class=\"wp-block-latest-posts__post-excerpt\">V mesecu aprilu smo v skupini Bar\u010dice ( 5\u20136 let) izvedli podnebni tek. Dejavnosti smo pri\u010deli z naravoslovno delavnico na temo podnebnih sprememb, kjer smo &hellip;<p class=\"read-more\"> <a class=\"\" href=\"https:\/\/vrtecmorje.si\/?p=2048\"> <span class=\"screen-reader-text\">PODNEBNI TEK<\/span> Preberi ve\u010d &raquo;<\/a><\/p><\/div><\/li>\n<li><div class=\"wp-block-latest-posts__featured-image\"><a href=\"https:\/\/vrtecmorje.si\/?p=2042\" aria-label=\"\u0160KRATKI NA NASTOPU OB 70. OBLETNICI MESTNE KNJI\u017dNICE PIRAN\"><img loading=\"lazy\" width=\"1024\" height=\"768\" src=\"https:\/\/vrtecmorje.si\/wp-content\/uploads\/2026\/04\/20260324_183350-1024x768.jpg\" class=\"attachment-large size-large wp-post-image\" alt=\"\" decoding=\"async\" style=\"\" srcset=\"https:\/\/vrtecmorje.si\/wp-content\/uploads\/2026\/04\/20260324_183350-1024x768.jpg 1024w, https:\/\/vrtecmorje.si\/wp-content\/uploads\/2026\/04\/20260324_183350-300x225.jpg 300w, https:\/\/vrtecmorje.si\/wp-content\/uploads\/2026\/04\/20260324_183350-768x576.jpg 768w, https:\/\/vrtecmorje.si\/wp-content\/uploads\/2026\/04\/20260324_183350-1536x1152.jpg 1536w, https:\/\/vrtecmorje.si\/wp-content\/uploads\/2026\/04\/20260324_183350-2048x1536.jpg 2048w\" sizes=\"(max-width: 1024px) 100vw, 1024px\" \/><\/a><\/div><a class=\"wp-block-latest-posts__post-title\" href=\"https:\/\/vrtecmorje.si\/?p=2042\">\u0160KRATKI NA NASTOPU OB 70. OBLETNICI MESTNE KNJI\u017dNICE PIRAN<\/a><time datetime=\"2026-04-08T06:13:14+00:00\" class=\"wp-block-latest-posts__post-date\">08.04.2026<\/time><div class=\"wp-block-latest-posts__post-excerpt\">Ob praznovanju 70. obletnice Mestne knji\u017enice Piran smo z otroki nastopili v gledali\u0161\u010du Tartini Piran. Mal\u010dki so s ponosom stopili na veliki oder in se &hellip;<p class=\"read-more\"> <a class=\"\" href=\"https:\/\/vrtecmorje.si\/?p=2042\"> <span class=\"screen-reader-text\">\u0160KRATKI NA NASTOPU OB 70. OBLETNICI MESTNE KNJI\u017dNICE PIRAN<\/span> Preberi ve\u010d &raquo;<\/a><\/p><\/div><\/li>\n<li><div class=\"wp-block-latest-posts__featured-image\"><a href=\"https:\/\/vrtecmorje.si\/?p=2032\" aria-label=\"\u0160KRATKI SE NA SPREHODU S POLICISTIMA IN PIKO U\u010cIMO VARNEGA VEDENJA V PROMETU\"><img loading=\"lazy\" width=\"768\" height=\"1024\" src=\"https:\/\/vrtecmorje.si\/wp-content\/uploads\/2026\/03\/20260323_101854-768x1024.jpg\" class=\"attachment-large size-large wp-post-image\" alt=\"\" decoding=\"async\" style=\"\" srcset=\"https:\/\/vrtecmorje.si\/wp-content\/uploads\/2026\/03\/20260323_101854-768x1024.jpg 768w, https:\/\/vrtecmorje.si\/wp-content\/uploads\/2026\/03\/20260323_101854-225x300.jpg 225w, https:\/\/vrtecmorje.si\/wp-content\/uploads\/2026\/03\/20260323_101854-1152x1536.jpg 1152w, https:\/\/vrtecmorje.si\/wp-content\/uploads\/2026\/03\/20260323_101854-1536x2048.jpg 1536w, https:\/\/vrtecmorje.si\/wp-content\/uploads\/2026\/03\/20260323_101854-scaled.jpg 1920w\" sizes=\"(max-width: 768px) 100vw, 768px\" \/><\/a><\/div><a class=\"wp-block-latest-posts__post-title\" href=\"https:\/\/vrtecmorje.si\/?p=2032\">\u0160KRATKI SE NA SPREHODU S POLICISTIMA IN PIKO U\u010cIMO VARNEGA VEDENJA V PROMETU<\/a><time datetime=\"2026-03-26T03:24:52+00:00\" class=\"wp-block-latest-posts__post-date\">26.03.2026<\/time><div class=\"wp-block-latest-posts__post-excerpt\">Iz na\u0161ega vrtca smo se \u0160kratki odpravili na poseben sprehod, kjer so nas spremljala policista Simona in Rok ter policijska maskota medvedka Pika. Na zanimiv &hellip;<p class=\"read-more\"> <a class=\"\" href=\"https:\/\/vrtecmorje.si\/?p=2032\"> <span class=\"screen-reader-text\">\u0160KRATKI SE NA SPREHODU S POLICISTIMA IN PIKO U\u010cIMO VARNEGA VEDENJA V PROMETU<\/span> Preberi ve\u010d &raquo;<\/a><\/p><\/div><\/li>\n<li><div class=\"wp-block-latest-posts__featured-image\"><a href=\"https:\/\/vrtecmorje.si\/?p=2019\" aria-label=\"USTVARJALNE DELAVNICE V ENOTI JE\u017dEK\"><img loading=\"lazy\" width=\"724\" height=\"1024\" src=\"https:\/\/vrtecmorje.si\/wp-content\/uploads\/2026\/03\/caji-724x1024.jpg\" class=\"attachment-large size-large wp-post-image\" alt=\"\" decoding=\"async\" style=\"\" srcset=\"https:\/\/vrtecmorje.si\/wp-content\/uploads\/2026\/03\/caji-724x1024.jpg 724w, https:\/\/vrtecmorje.si\/wp-content\/uploads\/2026\/03\/caji-212x300.jpg 212w, https:\/\/vrtecmorje.si\/wp-content\/uploads\/2026\/03\/caji-768x1086.jpg 768w, https:\/\/vrtecmorje.si\/wp-content\/uploads\/2026\/03\/caji-1086x1536.jpg 1086w, https:\/\/vrtecmorje.si\/wp-content\/uploads\/2026\/03\/caji-1448x2048.jpg 1448w, https:\/\/vrtecmorje.si\/wp-content\/uploads\/2026\/03\/caji.jpg 1587w\" sizes=\"(max-width: 724px) 100vw, 724px\" \/><\/a><\/div><a class=\"wp-block-latest-posts__post-title\" href=\"https:\/\/vrtecmorje.si\/?p=2019\">USTVARJALNE DELAVNICE V ENOTI JE\u017dEK<\/a><time datetime=\"2026-03-21T17:06:16+00:00\" class=\"wp-block-latest-posts__post-date\">21.03.2026<\/time><div class=\"wp-block-latest-posts__post-excerpt\">Otroci prvega starostnega obdobja so na ustvarjalnih dru\u017eenjih preko domi\u0161ljijske igre slikali s \u010daji in modifikatorji, ustvarjali ribe iz gline ter izdelali skupaj papirno ka\u0161o, &hellip;<p class=\"read-more\"> <a class=\"\" href=\"https:\/\/vrtecmorje.si\/?p=2019\"> <span class=\"screen-reader-text\">USTVARJALNE DELAVNICE V ENOTI JE\u017dEK<\/span> Preberi ve\u010d &raquo;<\/a><\/p><\/div><\/li>\n<li><div class=\"wp-block-latest-posts__featured-image\"><a href=\"https:\/\/vrtecmorje.si\/?p=2007\" aria-label=\"OTROCI IZ VRTCA MORJE LUCIJA POLEP\u0160ALI PRAZNIK \u017dENA V LOKALNI SKUPNOSTI\"><img loading=\"lazy\" width=\"576\" height=\"1024\" src=\"https:\/\/vrtecmorje.si\/wp-content\/uploads\/2026\/03\/1000012331-576x1024.jpg\" class=\"attachment-large size-large wp-post-image\" alt=\"\" decoding=\"async\" style=\"\" srcset=\"https:\/\/vrtecmorje.si\/wp-content\/uploads\/2026\/03\/1000012331-576x1024.jpg 576w, https:\/\/vrtecmorje.si\/wp-content\/uploads\/2026\/03\/1000012331-169x300.jpg 169w, https:\/\/vrtecmorje.si\/wp-content\/uploads\/2026\/03\/1000012331-768x1365.jpg 768w, https:\/\/vrtecmorje.si\/wp-content\/uploads\/2026\/03\/1000012331-864x1536.jpg 864w, https:\/\/vrtecmorje.si\/wp-content\/uploads\/2026\/03\/1000012331.jpg 900w\" sizes=\"(max-width: 576px) 100vw, 576px\" \/><\/a><\/div><a class=\"wp-block-latest-posts__post-title\" href=\"https:\/\/vrtecmorje.si\/?p=2007\">OTROCI IZ VRTCA MORJE LUCIJA POLEP\u0160ALI PRAZNIK \u017dENA V LOKALNI SKUPNOSTI<\/a><time datetime=\"2026-03-21T09:35:39+00:00\" class=\"wp-block-latest-posts__post-date\">21.03.2026<\/time><div class=\"wp-block-latest-posts__post-excerpt\">Otroci iz vseh enot Vrtca Morje Lucija so ob prazniku \u017eena ustvarjali vo\u0161\u010dilnice, risbice in ro\u017eice za mamice ter se ob tem pogovarjali o prijaznosti, &hellip;<p class=\"read-more\"> <a class=\"\" href=\"https:\/\/vrtecmorje.si\/?p=2007\"> <span class=\"screen-reader-text\">OTROCI IZ VRTCA MORJE LUCIJA POLEP\u0160ALI PRAZNIK \u017dENA V LOKALNI SKUPNOSTI<\/span> Preberi ve\u010d &raquo;<\/a><\/p><\/div><\/li>\n<li><div class=\"wp-block-latest-posts__featured-image\"><a href=\"https:\/\/vrtecmorje.si\/?p=1990\" aria-label=\"ZBIRALNA AKCIJA ZA ZAVR\u017dENE \u017dIVALI\"><img loading=\"lazy\" width=\"1024\" height=\"768\" src=\"https:\/\/vrtecmorje.si\/wp-content\/uploads\/2026\/03\/20260218_115521-1024x768.jpg\" class=\"attachment-large size-large wp-post-image\" alt=\"\" decoding=\"async\" style=\"\" srcset=\"https:\/\/vrtecmorje.si\/wp-content\/uploads\/2026\/03\/20260218_115521-1024x768.jpg 1024w, https:\/\/vrtecmorje.si\/wp-content\/uploads\/2026\/03\/20260218_115521-300x225.jpg 300w, https:\/\/vrtecmorje.si\/wp-content\/uploads\/2026\/03\/20260218_115521-768x576.jpg 768w, https:\/\/vrtecmorje.si\/wp-content\/uploads\/2026\/03\/20260218_115521-1536x1152.jpg 1536w, https:\/\/vrtecmorje.si\/wp-content\/uploads\/2026\/03\/20260218_115521-2048x1536.jpg 2048w\" sizes=\"(max-width: 1024px) 100vw, 1024px\" \/><\/a><\/div><a class=\"wp-block-latest-posts__post-title\" href=\"https:\/\/vrtecmorje.si\/?p=1990\">ZBIRALNA AKCIJA ZA ZAVR\u017dENE \u017dIVALI<\/a><time datetime=\"2026-03-04T20:38:03+00:00\" class=\"wp-block-latest-posts__post-date\">04.03.2026<\/time><div class=\"wp-block-latest-posts__post-excerpt\">Na na\u0161ih enotah smo v preteklih tednih uspe\u0161no izvedli zbiralno akcijo za zapu\u0161\u010dene \u017eivali. Skupaj smo zbirali hrano, deke ter ostale potreb\u0161\u010dine za pse in &hellip;<p class=\"read-more\"> <a class=\"\" href=\"https:\/\/vrtecmorje.si\/?p=1990\"> <span class=\"screen-reader-text\">ZBIRALNA AKCIJA ZA ZAVR\u017dENE \u017dIVALI<\/span> Preberi ve\u010d &raquo;<\/a><\/p><\/div><\/li>\n<\/ul><\/div><\/div>\n\n\n\n<div class=\"wp-block-cover alignfull is-light\"><span aria-hidden=\"true\" class=\"wp-block-cover__background has-background-dim-100 has-background-dim has-background-gradient\" style=\"background:radial-gradient(rgb(241,207,58) 0%,rgba(224,208,81,0.03) 100%)\"><\/span><div class=\"wp-block-cover__inner-container is-layout-constrained wp-block-cover-is-layout-constrained\">\n<p class=\"has-text-align-center has-vivid-cyan-blue-color has-text-color has-large-font-size\"><strong>OBVESTILA<\/strong><\/p>\n\n\n<ul style=\"background-color:#f7d986;\" class=\"wp-block-latest-posts__list is-grid columns-3 has-dates has-text-color has-ast-global-color-7-color has-background wp-block-latest-posts\"><li><div class=\"wp-block-latest-posts__featured-image\"><a href=\"https:\/\/vrtecmorje.si\/?p=1970\" aria-label=\"JAVNI RAZPIS ZA VPIS OTROKA V VRTEC MORJE\"><img loading=\"lazy\" width=\"300\" height=\"300\" src=\"https:\/\/vrtecmorje.si\/wp-content\/uploads\/2026\/02\/file_00000000159871fd8dc35ff7b4c7f366-300x300.png\" class=\"attachment-medium size-medium wp-post-image\" alt=\"\" decoding=\"async\" style=\"\" srcset=\"https:\/\/vrtecmorje.si\/wp-content\/uploads\/2026\/02\/file_00000000159871fd8dc35ff7b4c7f366-300x300.png 300w, https:\/\/vrtecmorje.si\/wp-content\/uploads\/2026\/02\/file_00000000159871fd8dc35ff7b4c7f366-150x150.png 150w, https:\/\/vrtecmorje.si\/wp-content\/uploads\/2026\/02\/file_00000000159871fd8dc35ff7b4c7f366-768x768.png 768w, https:\/\/vrtecmorje.si\/wp-content\/uploads\/2026\/02\/file_00000000159871fd8dc35ff7b4c7f366.png 1024w\" sizes=\"(max-width: 300px) 100vw, 300px\" \/><\/a><\/div><a class=\"wp-block-latest-posts__post-title\" href=\"https:\/\/vrtecmorje.si\/?p=1970\">JAVNI RAZPIS ZA VPIS OTROKA V VRTEC MORJE<\/a><time datetime=\"2026-02-25T16:19:31+00:00\" class=\"wp-block-latest-posts__post-date\">25.02.2026<\/time><\/li>\n<li><div class=\"wp-block-latest-posts__featured-image\"><a href=\"https:\/\/vrtecmorje.si\/?p=1834\" aria-label=\"19. PRAZNIK SV. LUCIJE\"><img loading=\"lazy\" width=\"210\" height=\"300\" src=\"https:\/\/vrtecmorje.si\/wp-content\/uploads\/2025\/12\/Sv.-Lucija_A4-70-x-100-cm-210x300.jpg\" class=\"attachment-medium size-medium wp-post-image\" alt=\"\" decoding=\"async\" style=\"\" srcset=\"https:\/\/vrtecmorje.si\/wp-content\/uploads\/2025\/12\/Sv.-Lucija_A4-70-x-100-cm-210x300.jpg 210w, https:\/\/vrtecmorje.si\/wp-content\/uploads\/2025\/12\/Sv.-Lucija_A4-70-x-100-cm-717x1024.jpg 717w, https:\/\/vrtecmorje.si\/wp-content\/uploads\/2025\/12\/Sv.-Lucija_A4-70-x-100-cm-768x1097.jpg 768w, https:\/\/vrtecmorje.si\/wp-content\/uploads\/2025\/12\/Sv.-Lucija_A4-70-x-100-cm-1075x1536.jpg 1075w, https:\/\/vrtecmorje.si\/wp-content\/uploads\/2025\/12\/Sv.-Lucija_A4-70-x-100-cm-1434x2048.jpg 1434w, https:\/\/vrtecmorje.si\/wp-content\/uploads\/2025\/12\/Sv.-Lucija_A4-70-x-100-cm-scaled.jpg 1792w\" sizes=\"(max-width: 210px) 100vw, 210px\" \/><\/a><\/div><a class=\"wp-block-latest-posts__post-title\" href=\"https:\/\/vrtecmorje.si\/?p=1834\">19. PRAZNIK SV. LUCIJE<\/a><time datetime=\"2025-12-09T10:16:02+00:00\" class=\"wp-block-latest-posts__post-date\">09.12.2025<\/time><\/li>\n<li><div class=\"wp-block-latest-posts__featured-image\"><a href=\"https:\/\/vrtecmorje.si\/?p=1830\" aria-label=\"SRE\u010cNO 2026.\"><img loading=\"lazy\" width=\"300\" height=\"213\" src=\"https:\/\/vrtecmorje.si\/wp-content\/uploads\/2025\/12\/sr26-300x213.jpg\" class=\"attachment-medium size-medium wp-post-image\" alt=\"\" decoding=\"async\" style=\"\" srcset=\"https:\/\/vrtecmorje.si\/wp-content\/uploads\/2025\/12\/sr26-300x213.jpg 300w, https:\/\/vrtecmorje.si\/wp-content\/uploads\/2025\/12\/sr26.jpg 637w\" sizes=\"(max-width: 300px) 100vw, 300px\" \/><\/a><\/div><a class=\"wp-block-latest-posts__post-title\" href=\"https:\/\/vrtecmorje.si\/?p=1830\">SRE\u010cNO 2026.<\/a><time datetime=\"2025-12-09T10:12:51+00:00\" class=\"wp-block-latest-posts__post-date\">09.12.2025<\/time><\/li>\n<\/ul><\/div><\/div>\n\n\n\n<div class=\"wp-block-columns has-ast-global-color-5-background-color has-background is-layout-flex wp-container-6 wp-block-columns-is-layout-flex\">\n<div class=\"wp-block-column has-background has-medium-font-size is-layout-flow wp-container-3 wp-block-column-is-layout-flow\" style=\"border-width:4px;background-color:#00d18424\">\n<p class=\"has-text-align-center has-light-green-cyan-background-color has-background has-medium-font-size\"><strong>CENTRALNI VRTEC<\/strong><\/p>\n\n\n\n<p class=\"has-text-align-center\">Fazanska ulica 3 <br>6320 Portoro\u017e <br>info@vrtecmorje.si <br>05 671 28 30<\/p>\n\n\n\n<figure class=\"wp-block-image aligncenter size-full has-custom-border is-style-default\"><img decoding=\"async\" loading=\"lazy\" width=\"180\" height=\"141\" src=\"https:\/\/vrtecmorje.si\/wp-content\/uploads\/2023\/11\/ladja.png\" alt=\"\" class=\"wp-image-401\" style=\"border-style:none;border-width:0px;border-radius:0px\"\/><\/figure>\n<\/div>\n\n\n\n<div class=\"wp-block-column has-background has-medium-font-size is-layout-flow wp-container-4 wp-block-column-is-layout-flow\" style=\"border-width:4px;background-color:#8dd2fc3d\">\n<p class=\"has-text-align-center has-pale-cyan-blue-background-color has-background has-medium-font-size\"><strong>ENOTA JE\u017dEK<\/strong><\/p>\n\n\n\n<p class=\"has-text-align-center\">Liminjanska 91 <br>6320 Portoro\u017e <br>info@vrtecmorje.si <br>05 677 01 90<\/p>\n\n\n\n<figure class=\"wp-block-image aligncenter size-full\"><img decoding=\"async\" loading=\"lazy\" width=\"180\" height=\"141\" src=\"https:\/\/vrtecmorje.si\/wp-content\/uploads\/2023\/11\/jadrnica.png\" alt=\"\" class=\"wp-image-400\"\/><\/figure>\n<\/div>\n\n\n\n<div class=\"wp-block-column has-background has-medium-font-size is-layout-flow wp-container-5 wp-block-column-is-layout-flow\" style=\"border-width:4px;background-color:#ff6a0057\">\n<p class=\"has-text-align-center has-luminous-vivid-amber-background-color has-background has-medium-font-size\"><strong>ENOTA STRUNJAN<\/strong><\/p>\n\n\n\n<p class=\"has-text-align-center\">Strunjan 37 <br>6320 Portoro\u017e <br>info@vrtecmorje.si <br>05 678 23 22<\/p>\n\n\n\n<figure class=\"wp-block-image aligncenter size-full\"><img decoding=\"async\" loading=\"lazy\" width=\"180\" height=\"141\" src=\"https:\/\/vrtecmorje.si\/wp-content\/uploads\/2023\/11\/pticki.png\" alt=\"\" class=\"wp-image-397\"\/><\/figure>\n<\/div>\n<\/div>\n\n\n\n<p class=\"has-text-align-center has-background\" style=\"background-color:#aeb7bf80\"><a><strong>VREDNOTE<\/strong><\/a>    so pozitivna komunikacija, strpnost, pozitivni odnosi in sr\u010dnost med zaposlenimi.<\/p>\n","protected":false},"excerpt":{"rendered":"<p>CENTRALNI VRTEC Fazanska ulica 3 6320 Portoro\u017e info@vrtecmorje.si 05 671 28 30 ENOTA JE\u017dEK Liminjanska 91 6320 Portoro\u017e info@vrtecmorje.si 05 677 01 90 ENOTA STRUNJAN Strunjan 37 6320 Portoro\u017e info@vrtecmorje.si 05 678 23 22 VREDNOTE so pozitivna komunikacija, strpnost, pozitivni odnosi in sr\u010dnost med zaposlenimi.<\/p>\n","protected":false},"author":1,"featured_media":0,"parent":0,"menu_order":0,"comment_status":"closed","ping_status":"closed","template":"","meta":{"site-sidebar-layout":"default","site-content-layout":"","ast-site-content-layout":"","site-content-style":"default","site-sidebar-style":"default","ast-global-header-display":"","ast-banner-title-visibility":"","ast-main-header-display":"","ast-hfb-above-header-display":"","ast-hfb-below-header-display":"","ast-hfb-mobile-header-display":"","site-post-title":"disabled","ast-breadcrumbs-content":"","ast-featured-img":"","footer-sml-layout":"","theme-transparent-header-meta":"","adv-header-id-meta":"","stick-header-meta":"","header-above-stick-meta":"","header-main-stick-meta":"","header-below-stick-meta":"","astra-migrate-meta-layouts":"","ast-page-background-enabled":"default","ast-page-background-meta":{"desktop":{"background-color":"var(--ast-global-color-4)","background-image":"","background-repeat":"repeat","background-position":"center center","background-size":"auto","background-attachment":"scroll","background-type":"","background-media":"","overlay-type":"","overlay-color":"","overlay-gradient":""},"tablet":{"background-color":"","background-image":"","background-repeat":"repeat","background-position":"center center","background-size":"auto","background-attachment":"scroll","background-type":"","background-media":"","overlay-type":"","overlay-color":"","overlay-gradient":""},"mobile":{"background-color":"","background-image":"","background-repeat":"repeat","background-position":"center center","background-size":"auto","background-attachment":"scroll","background-type":"","background-media":"","overlay-type":"","overlay-color":"","overlay-gradient":""}},"ast-content-background-meta":{"desktop":{"background-color":"var(--ast-global-color-5)","background-image":"","background-repeat":"repeat","background-position":"center center","background-size":"auto","background-attachment":"scroll","background-type":"","background-media":"","overlay-type":"","overlay-color":"","overlay-gradient":""},"tablet":{"background-color":"var(--ast-global-color-5)","background-image":"","background-repeat":"repeat","background-position":"center center","background-size":"auto","background-attachment":"scroll","background-type":"","background-media":"","overlay-type":"","overlay-color":"","overlay-gradient":""},"mobile":{"background-color":"var(--ast-global-color-5)","background-image":"","background-repeat":"repeat","background-position":"center center","background-size":"auto","background-attachment":"scroll","background-type":"","background-media":"","overlay-type":"","overlay-color":"","overlay-gradient":""}},"footnotes":""},"_links":{"self":[{"href":"https:\/\/vrtecmorje.si\/index.php?rest_route=\/wp\/v2\/pages\/95"}],"collection":[{"href":"https:\/\/vrtecmorje.si\/index.php?rest_route=\/wp\/v2\/pages"}],"about":[{"href":"https:\/\/vrtecmorje.si\/index.php?rest_route=\/wp\/v2\/types\/page"}],"author":[{"embeddable":true,"href":"https:\/\/vrtecmorje.si\/index.php?rest_route=\/wp\/v2\/users\/1"}],"replies":[{"embeddable":true,"href":"https:\/\/vrtecmorje.si\/index.php?rest_route=%2Fwp%2Fv2%2Fcomments&post=95"}],"version-history":[{"count":52,"href":"https:\/\/vrtecmorje.si\/index.php?rest_route=\/wp\/v2\/pages\/95\/revisions"}],"predecessor-version":[{"id":1703,"href":"https:\/\/vrtecmorje.si\/index.php?rest_route=\/wp\/v2\/pages\/95\/revisions\/1703"}],"wp:attachment":[{"href":"https:\/\/vrtecmorje.si\/index.php?rest_route=%2Fwp%2Fv2%2Fmedia&parent=95"}],"curies":[{"name":"wp","href":"https:\/\/api.w.org\/{rel}","templated":true}]}}