{"id":600,"date":"2023-12-17T18:17:57","date_gmt":"2023-12-17T18:17:57","guid":{"rendered":"http:\/\/845.ablak.arnes.si\/?page_id=600"},"modified":"2024-09-10T09:31:51","modified_gmt":"2024-09-10T09:31:51","slug":"projekti","status":"publish","type":"page","link":"https:\/\/vrtecmorje.si\/?page_id=600","title":{"rendered":"PROJEKTI"},"content":{"rendered":"\n<p>Projektnemu delu posve\u010damo veliko pozornosti. V oddelkih nastajajo na pobudo otrok, vklju\u010deni pa smo tudi v projekte na dr\u017eavni in mednarodni ravni.<\/p>\n\n\n<ul style=\"background:radial-gradient(rgb(255,245,203) 0%,rgb(182,227,212) 92%,rgb(51,167,181) 100%);\" class=\"wp-block-latest-posts__list is-grid columns-3 has-dates has-background wp-block-latest-posts\"><li><div class=\"wp-block-latest-posts__featured-image aligncenter\"><a href=\"https:\/\/vrtecmorje.si\/?p=702\" aria-label=\"EKO \u0160OLA\"><img loading=\"lazy\" width=\"225\" height=\"225\" src=\"https:\/\/vrtecmorje.si\/wp-content\/uploads\/2024\/04\/ekosola-2.png\" class=\"attachment-large size-large wp-post-image\" alt=\"\" decoding=\"async\" style=\"\" srcset=\"https:\/\/vrtecmorje.si\/wp-content\/uploads\/2024\/04\/ekosola-2.png 225w, https:\/\/vrtecmorje.si\/wp-content\/uploads\/2024\/04\/ekosola-2-150x150.png 150w\" sizes=\"(max-width: 225px) 100vw, 225px\" \/><\/a><\/div><a class=\"wp-block-latest-posts__post-title\" href=\"https:\/\/vrtecmorje.si\/?p=702\">EKO \u0160OLA<\/a><time datetime=\"2024-04-03T12:24:04+00:00\" class=\"wp-block-latest-posts__post-date\">03.04.2024<\/time><div class=\"wp-block-latest-posts__post-excerpt\">Vrtec Morje Lucija je vklju\u010den v program Eko\u0161ola \u017ee od leta&nbsp;2009 in od takrat&nbsp;ima zeleno zastavo, kot najvi\u0161je mednarodno priznanje &hellip;<p class=\"read-more\"> <a class=\"\" href=\"https:\/\/vrtecmorje.si\/?p=702\"> <span class=\"screen-reader-text\">EKO \u0160OLA<\/span> Preberi ve\u010d &raquo;<\/a><\/p><\/div><\/li>\n<li><div class=\"wp-block-latest-posts__featured-image aligncenter\"><a href=\"https:\/\/vrtecmorje.si\/?p=873\" aria-label=\"VARNO S SONCEM\"><img loading=\"lazy\" width=\"725\" height=\"139\" src=\"https:\/\/vrtecmorje.si\/wp-content\/uploads\/2024\/04\/varnoSoncem.png\" class=\"attachment-large size-large wp-post-image\" alt=\"\" decoding=\"async\" style=\"\" srcset=\"https:\/\/vrtecmorje.si\/wp-content\/uploads\/2024\/04\/varnoSoncem.png 725w, https:\/\/vrtecmorje.si\/wp-content\/uploads\/2024\/04\/varnoSoncem-300x58.png 300w\" sizes=\"(max-width: 725px) 100vw, 725px\" \/><\/a><\/div><a class=\"wp-block-latest-posts__post-title\" href=\"https:\/\/vrtecmorje.si\/?p=873\">VARNO S SONCEM<\/a><time datetime=\"2024-04-03T12:21:36+00:00\" class=\"wp-block-latest-posts__post-date\">03.04.2024<\/time><div class=\"wp-block-latest-posts__post-excerpt\">\u017de vrsto let sodelujemo v nacionalnem projektu Varno s soncem. Cilj projekta je spodbuditi otroke in star\u0161e k varovanju zdravja &hellip;<p class=\"read-more\"> <a class=\"\" href=\"https:\/\/vrtecmorje.si\/?p=873\"> <span class=\"screen-reader-text\">VARNO S SONCEM<\/span> Preberi ve\u010d &raquo;<\/a><\/p><\/div><\/li>\n<li><div class=\"wp-block-latest-posts__featured-image aligncenter\"><a href=\"https:\/\/vrtecmorje.si\/?p=871\" aria-label=\"STRPNOST IN PRIJATELJSTVO\"><img loading=\"lazy\" width=\"223\" height=\"98\" src=\"https:\/\/vrtecmorje.si\/wp-content\/uploads\/2024\/04\/eksena.png\" class=\"attachment-large size-large wp-post-image\" alt=\"\" decoding=\"async\" style=\"\" \/><\/a><\/div><a class=\"wp-block-latest-posts__post-title\" href=\"https:\/\/vrtecmorje.si\/?p=871\">STRPNOST IN PRIJATELJSTVO<\/a><time datetime=\"2024-04-03T12:19:05+00:00\" class=\"wp-block-latest-posts__post-date\">03.04.2024<\/time><div class=\"wp-block-latest-posts__post-excerpt\">Vklju\u010deni smo v projekt izobra\u017eevalnega centra Eksena, katerega pokrovitelj je varuh \u010dlovekovih pravic Peter Svetina.Izhodi\u0161\u010de projekta je Mednarodni dan strpnosti, &hellip;<p class=\"read-more\"> <a class=\"\" href=\"https:\/\/vrtecmorje.si\/?p=871\"> <span class=\"screen-reader-text\">STRPNOST IN PRIJATELJSTVO<\/span> Preberi ve\u010d &raquo;<\/a><\/p><\/div><\/li>\n<li><div class=\"wp-block-latest-posts__featured-image aligncenter\"><a href=\"https:\/\/vrtecmorje.si\/?p=607\" aria-label=\"ZDRAVJE V VRTCU\"><img loading=\"lazy\" width=\"204\" height=\"182\" src=\"https:\/\/vrtecmorje.si\/wp-content\/uploads\/2020\/02\/ZdravjeVrtec-1.png\" class=\"attachment-large size-large wp-post-image\" alt=\"\" decoding=\"async\" style=\"\" \/><\/a><\/div><a class=\"wp-block-latest-posts__post-title\" href=\"https:\/\/vrtecmorje.si\/?p=607\">ZDRAVJE V VRTCU<\/a><time datetime=\"2020-02-24T18:39:00+00:00\" class=\"wp-block-latest-posts__post-date\">24.02.2020<\/time><div class=\"wp-block-latest-posts__post-excerpt\">Projekt Zdravje v vrtcu je pobuda Nacionalnega in\u0161tituta za javno zdravje (NIJZ), ki se osredoto\u010da na promocijo zdravega na\u010dina \u017eivljenja &hellip;<p class=\"read-more\"> <a class=\"\" href=\"https:\/\/vrtecmorje.si\/?p=607\"> <span class=\"screen-reader-text\">ZDRAVJE V VRTCU<\/span> Preberi ve\u010d &raquo;<\/a><\/p><\/div><\/li>\n<li><div class=\"wp-block-latest-posts__featured-image aligncenter\"><a href=\"https:\/\/vrtecmorje.si\/?p=711\" aria-label=\"MODRA \u0160OLA &#8211; YOU(R)SEA\"><img loading=\"lazy\" width=\"945\" height=\"591\" src=\"https:\/\/vrtecmorje.si\/wp-content\/uploads\/2019\/02\/yoursea.png\" class=\"attachment-large size-large wp-post-image\" alt=\"\" decoding=\"async\" style=\"\" srcset=\"https:\/\/vrtecmorje.si\/wp-content\/uploads\/2019\/02\/yoursea.png 945w, https:\/\/vrtecmorje.si\/wp-content\/uploads\/2019\/02\/yoursea-300x188.png 300w, https:\/\/vrtecmorje.si\/wp-content\/uploads\/2019\/02\/yoursea-768x480.png 768w\" sizes=\"(max-width: 945px) 100vw, 945px\" \/><\/a><\/div><a class=\"wp-block-latest-posts__post-title\" href=\"https:\/\/vrtecmorje.si\/?p=711\">MODRA \u0160OLA &#8211; YOU(R)SEA<\/a><time datetime=\"2019-02-26T13:38:00+00:00\" class=\"wp-block-latest-posts__post-date\">26.02.2019<\/time><div class=\"wp-block-latest-posts__post-excerpt\">Modra \u0161ola je mednarodni okoljsko-izobra\u017eevalni program, ki otroke stare od 4 do 6 let spodbuja k spoznavanju in varovanju morja &hellip;<p class=\"read-more\"> <a class=\"\" href=\"https:\/\/vrtecmorje.si\/?p=711\"> <span class=\"screen-reader-text\">MODRA \u0160OLA &#8211; YOU(R)SEA<\/span> Preberi ve\u010d &raquo;<\/a><\/p><\/div><\/li>\n<li><div class=\"wp-block-latest-posts__featured-image aligncenter\"><a href=\"https:\/\/vrtecmorje.si\/?p=663\" aria-label=\"TRADICIONALNI SLOVENSKI ZAJTRK\"><img loading=\"lazy\" width=\"194\" height=\"146\" src=\"https:\/\/vrtecmorje.si\/wp-content\/uploads\/2017\/06\/SloZajtrk.png\" class=\"attachment-large size-large wp-post-image\" alt=\"\" decoding=\"async\" style=\"\" \/><\/a><\/div><a class=\"wp-block-latest-posts__post-title\" href=\"https:\/\/vrtecmorje.si\/?p=663\">TRADICIONALNI SLOVENSKI ZAJTRK<\/a><time datetime=\"2017-06-26T12:42:00+00:00\" class=\"wp-block-latest-posts__post-date\">26.06.2017<\/time><div class=\"wp-block-latest-posts__post-excerpt\">V sklopu celoletnega projekta posku\u0161amo otrokom okrepiti zavedanje o pomenu zdrave navade u\u017eivanja zajtrka in razlogih za lokalno samooskrbo. Ob &hellip;<p class=\"read-more\"> <a class=\"\" href=\"https:\/\/vrtecmorje.si\/?p=663\"> <span class=\"screen-reader-text\">TRADICIONALNI SLOVENSKI ZAJTRK<\/span> Preberi ve\u010d &raquo;<\/a><\/p><\/div><\/li>\n<li><div class=\"wp-block-latest-posts__featured-image aligncenter\"><a href=\"https:\/\/vrtecmorje.si\/?p=665\" aria-label=\"MALI SON\u010cEK\"><img loading=\"lazy\" width=\"239\" height=\"250\" src=\"https:\/\/vrtecmorje.si\/wp-content\/uploads\/2017\/06\/MaliSoncek-1.png\" class=\"attachment-large size-large wp-post-image\" alt=\"\" decoding=\"async\" style=\"\" \/><\/a><\/div><a class=\"wp-block-latest-posts__post-title\" href=\"https:\/\/vrtecmorje.si\/?p=665\">MALI SON\u010cEK<\/a><time datetime=\"2017-06-26T09:44:00+00:00\" class=\"wp-block-latest-posts__post-date\">26.06.2017<\/time><div class=\"wp-block-latest-posts__post-excerpt\">Poleg ciljev, ki so opredeljeni v kurikulumu za vrtce za podro\u010dje gibanja, so cilji gibalnega\/\u0161portnega programa Mali son\u010dek naslednji: Vsebuje &hellip;<p class=\"read-more\"> <a class=\"\" href=\"https:\/\/vrtecmorje.si\/?p=665\"> <span class=\"screen-reader-text\">MALI SON\u010cEK<\/span> Preberi ve\u010d &raquo;<\/a><\/p><\/div><\/li>\n<\/ul>","protected":false},"excerpt":{"rendered":"<p>Projektnemu delu posve\u010damo veliko pozornosti. V oddelkih nastajajo na pobudo otrok, vklju\u010deni pa smo tudi v projekte na dr\u017eavni in mednarodni ravni.<\/p>\n","protected":false},"author":1,"featured_media":0,"parent":0,"menu_order":0,"comment_status":"closed","ping_status":"closed","template":"","meta":{"site-sidebar-layout":"default","site-content-layout":"","ast-site-content-layout":"","site-content-style":"default","site-sidebar-style":"default","ast-global-header-display":"","ast-banner-title-visibility":"","ast-main-header-display":"","ast-hfb-above-header-display":"","ast-hfb-below-header-display":"","ast-hfb-mobile-header-display":"","site-post-title":"","ast-breadcrumbs-content":"","ast-featured-img":"","footer-sml-layout":"","theme-transparent-header-meta":"","adv-header-id-meta":"","stick-header-meta":"","header-above-stick-meta":"","header-main-stick-meta":"","header-below-stick-meta":"","astra-migrate-meta-layouts":"","ast-page-background-enabled":"default","ast-page-background-meta":{"desktop":{"background-color":"var(--ast-global-color-4)","background-image":"","background-repeat":"repeat","background-position":"center center","background-size":"auto","background-attachment":"scroll","background-type":"","background-media":"","overlay-type":"","overlay-color":"","overlay-gradient":""},"tablet":{"background-color":"","background-image":"","background-repeat":"repeat","background-position":"center center","background-size":"auto","background-attachment":"scroll","background-type":"","background-media":"","overlay-type":"","overlay-color":"","overlay-gradient":""},"mobile":{"background-color":"","background-image":"","background-repeat":"repeat","background-position":"center center","background-size":"auto","background-attachment":"scroll","background-type":"","background-media":"","overlay-type":"","overlay-color":"","overlay-gradient":""}},"ast-content-background-meta":{"desktop":{"background-color":"var(--ast-global-color-5)","background-image":"","background-repeat":"repeat","background-position":"center center","background-size":"auto","background-attachment":"scroll","background-type":"","background-media":"","overlay-type":"","overlay-color":"","overlay-gradient":""},"tablet":{"background-color":"var(--ast-global-color-5)","background-image":"","background-repeat":"repeat","background-position":"center center","background-size":"auto","background-attachment":"scroll","background-type":"","background-media":"","overlay-type":"","overlay-color":"","overlay-gradient":""},"mobile":{"background-color":"var(--ast-global-color-5)","background-image":"","background-repeat":"repeat","background-position":"center center","background-size":"auto","background-attachment":"scroll","background-type":"","background-media":"","overlay-type":"","overlay-color":"","overlay-gradient":""}},"footnotes":""},"_links":{"self":[{"href":"https:\/\/vrtecmorje.si\/index.php?rest_route=\/wp\/v2\/pages\/600"}],"collection":[{"href":"https:\/\/vrtecmorje.si\/index.php?rest_route=\/wp\/v2\/pages"}],"about":[{"href":"https:\/\/vrtecmorje.si\/index.php?rest_route=\/wp\/v2\/types\/page"}],"author":[{"embeddable":true,"href":"https:\/\/vrtecmorje.si\/index.php?rest_route=\/wp\/v2\/users\/1"}],"replies":[{"embeddable":true,"href":"https:\/\/vrtecmorje.si\/index.php?rest_route=%2Fwp%2Fv2%2Fcomments&post=600"}],"version-history":[{"count":12,"href":"https:\/\/vrtecmorje.si\/index.php?rest_route=\/wp\/v2\/pages\/600\/revisions"}],"predecessor-version":[{"id":715,"href":"https:\/\/vrtecmorje.si\/index.php?rest_route=\/wp\/v2\/pages\/600\/revisions\/715"}],"wp:attachment":[{"href":"https:\/\/vrtecmorje.si\/index.php?rest_route=%2Fwp%2Fv2%2Fmedia&parent=600"}],"curies":[{"name":"wp","href":"https:\/\/api.w.org\/{rel}","templated":true}]}}