{"id":544,"date":"2023-12-05T21:55:42","date_gmt":"2023-12-05T21:55:42","guid":{"rendered":"http:\/\/845.ablak.arnes.si\/?page_id=544"},"modified":"2025-08-04T09:47:14","modified_gmt":"2025-08-04T09:47:14","slug":"varstvo-osebnih-podatkov","status":"publish","type":"page","link":"https:\/\/vrtecmorje.si\/?page_id=544","title":{"rendered":"Varstvo osebnih podatkov"},"content":{"rendered":"\n<h2 class=\"wp-block-heading\">Informacije o obdelavi osebnih podatkov za posameznike<\/h2>\n\n\n\n<p>Spo\u0161tovani<\/p>\n\n\n\n<p>Informacije o obdelavi osebnih podatkov za posameznike si lahko preberete v spodnji povezavi.<\/p>\n\n\n\n<p>Ravnatelj Uro\u0161 Savec<\/p>\n\n\n\n<p><a href=\"https:\/\/vrtecmorje.si\/wp-content\/uploads\/2025\/08\/Informacije-o-obdelavi-osebnih-podatkov-za-posameznike.pdf\" data-type=\"attachment\" data-id=\"582\" target=\"_blank\" rel=\"noreferrer noopener\">Informacije o obdelavi osebnih podatkov za posameznike<\/a><\/p>\n\n\n\n<p>&nbsp;<\/p>\n\n\n\n<h2 class=\"wp-block-heading\"><br><\/h2>\n\n\n\n<h2 class=\"wp-block-heading\">Obvestilo o imenovanju poobla\u0161\u010dene osebe za varstvo osebnih podatkov v Vrtcu Morje Lucija<\/h2>\n\n\n\n<p>V spodnji povezavi si lahko preberete obvestilo o imenovanju poobla\u0161\u010dene osebe za varstvo podatkov v Vrtcu Morje Lucija.<\/p>\n\n\n\n<p><a href=\"https:\/\/vrtecmorje.si\/wp-content\/uploads\/2023\/12\/OBV.-O-IMENOVANJU.pdf\" data-type=\"attachment\" data-id=\"585\">Obvestilo o imenovanju<\/a><\/p>\n","protected":false},"excerpt":{"rendered":"<p>Informacije o obdelavi osebnih podatkov za posameznike Spo\u0161tovani Informacije o obdelavi osebnih podatkov za posameznike si lahko preberete v spodnji povezavi. Ravnatelj Uro\u0161 Savec Informacije o obdelavi osebnih podatkov za posameznike &nbsp; Obvestilo o imenovanju poobla\u0161\u010dene osebe za varstvo osebnih podatkov v Vrtcu Morje Lucija V spodnji povezavi si lahko preberete obvestilo o imenovanju poobla\u0161\u010dene &hellip;<\/p>\n<p class=\"read-more\"> <a class=\"\" href=\"https:\/\/vrtecmorje.si\/?page_id=544\"> <span class=\"screen-reader-text\">Varstvo osebnih podatkov<\/span> Preberi ve\u010d &raquo;<\/a><\/p>\n","protected":false},"author":1,"featured_media":0,"parent":0,"menu_order":0,"comment_status":"closed","ping_status":"closed","template":"","meta":{"site-sidebar-layout":"default","site-content-layout":"","ast-site-content-layout":"","site-content-style":"default","site-sidebar-style":"default","ast-global-header-display":"","ast-banner-title-visibility":"","ast-main-header-display":"","ast-hfb-above-header-display":"","ast-hfb-below-header-display":"","ast-hfb-mobile-header-display":"","site-post-title":"","ast-breadcrumbs-content":"","ast-featured-img":"","footer-sml-layout":"","theme-transparent-header-meta":"","adv-header-id-meta":"","stick-header-meta":"","header-above-stick-meta":"","header-main-stick-meta":"","header-below-stick-meta":"","astra-migrate-meta-layouts":"","ast-page-background-enabled":"default","ast-page-background-meta":{"desktop":{"background-color":"var(--ast-global-color-4)","background-image":"","background-repeat":"repeat","background-position":"center center","background-size":"auto","background-attachment":"scroll","background-type":"","background-media":"","overlay-type":"","overlay-color":"","overlay-gradient":""},"tablet":{"background-color":"","background-image":"","background-repeat":"repeat","background-position":"center center","background-size":"auto","background-attachment":"scroll","background-type":"","background-media":"","overlay-type":"","overlay-color":"","overlay-gradient":""},"mobile":{"background-color":"","background-image":"","background-repeat":"repeat","background-position":"center center","background-size":"auto","background-attachment":"scroll","background-type":"","background-media":"","overlay-type":"","overlay-color":"","overlay-gradient":""}},"ast-content-background-meta":{"desktop":{"background-color":"var(--ast-global-color-5)","background-image":"","background-repeat":"repeat","background-position":"center center","background-size":"auto","background-attachment":"scroll","background-type":"","background-media":"","overlay-type":"","overlay-color":"","overlay-gradient":""},"tablet":{"background-color":"var(--ast-global-color-5)","background-image":"","background-repeat":"repeat","background-position":"center center","background-size":"auto","background-attachment":"scroll","background-type":"","background-media":"","overlay-type":"","overlay-color":"","overlay-gradient":""},"mobile":{"background-color":"var(--ast-global-color-5)","background-image":"","background-repeat":"repeat","background-position":"center center","background-size":"auto","background-attachment":"scroll","background-type":"","background-media":"","overlay-type":"","overlay-color":"","overlay-gradient":""}},"footnotes":""},"_links":{"self":[{"href":"https:\/\/vrtecmorje.si\/index.php?rest_route=\/wp\/v2\/pages\/544"}],"collection":[{"href":"https:\/\/vrtecmorje.si\/index.php?rest_route=\/wp\/v2\/pages"}],"about":[{"href":"https:\/\/vrtecmorje.si\/index.php?rest_route=\/wp\/v2\/types\/page"}],"author":[{"embeddable":true,"href":"https:\/\/vrtecmorje.si\/index.php?rest_route=\/wp\/v2\/users\/1"}],"replies":[{"embeddable":true,"href":"https:\/\/vrtecmorje.si\/index.php?rest_route=%2Fwp%2Fv2%2Fcomments&post=544"}],"version-history":[{"count":10,"href":"https:\/\/vrtecmorje.si\/index.php?rest_route=\/wp\/v2\/pages\/544\/revisions"}],"predecessor-version":[{"id":1646,"href":"https:\/\/vrtecmorje.si\/index.php?rest_route=\/wp\/v2\/pages\/544\/revisions\/1646"}],"wp:attachment":[{"href":"https:\/\/vrtecmorje.si\/index.php?rest_route=%2Fwp%2Fv2%2Fmedia&parent=544"}],"curies":[{"name":"wp","href":"https:\/\/api.w.org\/{rel}","templated":true}]}}