{"id":510,"date":"2023-12-05T20:11:12","date_gmt":"2023-12-05T20:11:12","guid":{"rendered":"http:\/\/845.ablak.arnes.si\/?page_id=510"},"modified":"2024-02-18T11:45:20","modified_gmt":"2024-02-18T11:45:20","slug":"o-vrtcu","status":"publish","type":"page","link":"https:\/\/vrtecmorje.si\/?page_id=510","title":{"rendered":"Nagovor ravnatelja"},"content":{"rendered":"\n<p class=\"has-vivid-cyan-blue-color has-text-color\"><strong>Spo\u0161tovani star\u0161i, cenjeni obiskovalci,<\/strong><\/p>\n\n\n\n<p>Vrtec Morje Lucija je sodoben in prijazen vrtec, ki skrbi za celostni razvoj otrok v varnem in spodbudnem u\u010dnem okolju. Zagotavljamo kakovosten program, ki spodbuja radovednost, ustvarjalnost ter razvoj socialnih in \u010dustvenih ve\u0161\u010din. Na\u0161a predanost otrokom in individualen pristop omogo\u010data vsakemu otroku, da se razvije ter se pripravi na uspe\u0161en vstop v \u0161olsko okolje. Trudimo se ustvariti doma\u010de in ljube\u010de okolje, kjer se vsak otrok po\u010duti sprejetega in cenjenega.<br>Na na\u0161i spletni strani boste na\u0161li vse potrebne informacije o enotah, programu, dejavnostih, urniku, kontakte in strokovnem kadru, ki skrbi za va\u0161e najmlaj\u0161e. Na\u0161 cilj je, da vam omogo\u010dimo vpogled v \u017eivahne dogodke, ki potekajo v na\u0161em vrtcu.<\/p>\n\n\n\n<p class=\"has-vivid-cyan-blue-color has-text-color\"><strong>Dobrodo\u0161li!<\/strong><\/p>\n\n\n\n<p>Ravnatelj<br>Uro\u0161 Savec<\/p>\n","protected":false},"excerpt":{"rendered":"<p>Spo\u0161tovani star\u0161i, cenjeni obiskovalci, Vrtec Morje Lucija je sodoben in prijazen vrtec, ki skrbi za celostni razvoj otrok v varnem in spodbudnem u\u010dnem okolju. Zagotavljamo kakovosten program, ki spodbuja radovednost, ustvarjalnost ter razvoj socialnih in \u010dustvenih ve\u0161\u010din. Na\u0161a predanost otrokom in individualen pristop omogo\u010data vsakemu otroku, da se razvije ter se pripravi na uspe\u0161en vstop &hellip;<\/p>\n<p class=\"read-more\"> <a class=\"\" href=\"https:\/\/vrtecmorje.si\/?page_id=510\"> <span class=\"screen-reader-text\">Nagovor ravnatelja<\/span> Preberi ve\u010d &raquo;<\/a><\/p>\n","protected":false},"author":1,"featured_media":0,"parent":0,"menu_order":0,"comment_status":"closed","ping_status":"closed","template":"","meta":{"site-sidebar-layout":"default","site-content-layout":"","ast-site-content-layout":"","site-content-style":"boxed","site-sidebar-style":"default","ast-global-header-display":"","ast-banner-title-visibility":"","ast-main-header-display":"","ast-hfb-above-header-display":"","ast-hfb-below-header-display":"","ast-hfb-mobile-header-display":"","site-post-title":"disabled","ast-breadcrumbs-content":"","ast-featured-img":"","footer-sml-layout":"","theme-transparent-header-meta":"","adv-header-id-meta":"","stick-header-meta":"","header-above-stick-meta":"","header-main-stick-meta":"","header-below-stick-meta":"","astra-migrate-meta-layouts":"","ast-page-background-enabled":"default","ast-page-background-meta":{"desktop":{"background-color":"var(--ast-global-color-4)","background-image":"","background-repeat":"repeat","background-position":"center center","background-size":"auto","background-attachment":"scroll","background-type":"","background-media":"","overlay-type":"","overlay-color":"","overlay-gradient":""},"tablet":{"background-color":"","background-image":"","background-repeat":"repeat","background-position":"center center","background-size":"auto","background-attachment":"scroll","background-type":"","background-media":"","overlay-type":"","overlay-color":"","overlay-gradient":""},"mobile":{"background-color":"","background-image":"","background-repeat":"repeat","background-position":"center center","background-size":"auto","background-attachment":"scroll","background-type":"","background-media":"","overlay-type":"","overlay-color":"","overlay-gradient":""}},"ast-content-background-meta":{"desktop":{"background-color":"var(--ast-global-color-5)","background-image":"","background-repeat":"repeat","background-position":"center center","background-size":"auto","background-attachment":"scroll","background-type":"","background-media":"","overlay-type":"","overlay-color":"","overlay-gradient":""},"tablet":{"background-color":"var(--ast-global-color-5)","background-image":"","background-repeat":"repeat","background-position":"center center","background-size":"auto","background-attachment":"scroll","background-type":"","background-media":"","overlay-type":"","overlay-color":"","overlay-gradient":""},"mobile":{"background-color":"var(--ast-global-color-5)","background-image":"","background-repeat":"repeat","background-position":"center center","background-size":"auto","background-attachment":"scroll","background-type":"","background-media":"","overlay-type":"","overlay-color":"","overlay-gradient":""}},"footnotes":""},"_links":{"self":[{"href":"https:\/\/vrtecmorje.si\/index.php?rest_route=\/wp\/v2\/pages\/510"}],"collection":[{"href":"https:\/\/vrtecmorje.si\/index.php?rest_route=\/wp\/v2\/pages"}],"about":[{"href":"https:\/\/vrtecmorje.si\/index.php?rest_route=\/wp\/v2\/types\/page"}],"author":[{"embeddable":true,"href":"https:\/\/vrtecmorje.si\/index.php?rest_route=\/wp\/v2\/users\/1"}],"replies":[{"embeddable":true,"href":"https:\/\/vrtecmorje.si\/index.php?rest_route=%2Fwp%2Fv2%2Fcomments&post=510"}],"version-history":[{"count":7,"href":"https:\/\/vrtecmorje.si\/index.php?rest_route=\/wp\/v2\/pages\/510\/revisions"}],"predecessor-version":[{"id":649,"href":"https:\/\/vrtecmorje.si\/index.php?rest_route=\/wp\/v2\/pages\/510\/revisions\/649"}],"wp:attachment":[{"href":"https:\/\/vrtecmorje.si\/index.php?rest_route=%2Fwp%2Fv2%2Fmedia&parent=510"}],"curies":[{"name":"wp","href":"https:\/\/api.w.org\/{rel}","templated":true}]}}