{"id":463,"date":"2023-11-28T11:41:12","date_gmt":"2023-11-28T11:41:12","guid":{"rendered":"http:\/\/845.ablak.arnes.si\/?page_id=463"},"modified":"2023-11-28T11:41:13","modified_gmt":"2023-11-28T11:41:13","slug":"svetovalna-sluzba-2","status":"publish","type":"page","link":"https:\/\/vrtecmorje.si\/?page_id=463","title":{"rendered":"Svetovalna slu\u017eba"},"content":{"rendered":"<h3><\/h3>\n<blockquote><p>Za svetovanje in posvetovanje je svetovalna delavka na voljo od ponedeljka do petka od 8. do 15. ure po predhodnem dogovoru osebno ali po telefonu. Obrnete se lahko tudi na vzgojiteljico, ki se bo s svetovalno delavko dogovorila za obisk v enoti.<\/p><\/blockquote>\n<p>Delo svetovalne delavke je namenjeno vsem otrokom v vrtcu s ciljem zagotoviti spodbudno okolje, kjer se bo otrok dobro po\u010dutil in se optimalno razvijal. Pri tem sodeluje s star\u0161i, strokovnimi delavkami, vodstvom vrtca in po potrebi z zunanjimi ustanovami s ciljem, da bi otroke bolje razumeli, jim nudili ustrezno oporo in zagotovili varno in spodbudno okolje za uspe\u0161nej\u0161i razvoj.<\/p>\n<p>Svetovalna delavka pomaga in sodeluje s svojim strokovnim znanjem in opravlja posebna strokovna dela, ki so za \u010dimbolj uspe\u0161no in kvalitetno uresni\u010devanje zastavljenih vzgojno-izobra\u017eevalnih ciljev pomembna in potrebna. Osnovna podro\u010dja dela so:<\/p>\n<h4>SVETOVALNO DELO Z OTROKI<\/h4>\n<ul>\n<li>Spoznavanje otrok v vseh starostnih skupinah \u2013 spremljanje razvoja in napredka, po potrebi nudenje individualne strokovne pomo\u010di.<\/li>\n<li>Pomo\u010d otrokom v podporo in spodbudo za njihov najbolj\u0161i mo\u017een razvoj.<\/li>\n<li>Pomo\u010d otrokom pri uvajanju v vrtec, pri prehodu iz ene skupine v drugo.<\/li>\n<li>Pomo\u010d otrokom z razvojnimi te\u017eavami, s te\u017eavami v prilagajanju in sodelovanju v skupini, s te\u017eavami, ki izvirajo iz socialnega okolja.<\/li>\n<li>Pomo\u010d otrokom s posebnimi potrebami.<\/li>\n<\/ul>\n<h4>SVETOVALNO DELO S STROKOVNIMI DELAVCI VRTCA<\/h4>\n<ul>\n<li>Posvetovanje, na\u010drtovanje, spremljanje in evalvacija vsakdanjega \u017eivljenja in dela v oddelku.<\/li>\n<li>Pomo\u010d in svetovanje pri delu z otroki.<\/li>\n<li>Pomo\u010d in svetovanje pri oblikovanju individualiziranega programa za otroke s posebnimi potrebami.<\/li>\n<li>Sodelovanje pri vklju\u010devanju in uvajanju novo sprejetih otrok v skupino.<\/li>\n<li>Sodelovanje pri na\u010drtovanju, organizaciji in izvajanju izobra\u017eevanj za star\u0161e.<\/li>\n<\/ul>\n<h4>SVETOVALNO DELO S STAR\u0160I<\/h4>\n<ul>\n<li>Posvetovanje pri vpisu otroka v vrtec.<\/li>\n<li>Pomo\u010d in svetovanje pri postopnem uvajanju otroka v vrtec.<\/li>\n<li>Svetovanje in pomo\u010d pri prehodu otroka iz vrtca v \u0161olo in odlo\u010ditvi za odlog v\u0161olanja.<\/li>\n<li>Posvetovanje o vzgoji in otrokovem razvoju.<\/li>\n<li>Pomo\u010d in svetovanje ob kriti\u010dnih situacijah in prelomnih dogodkih v \u017eivljenju dru\u017eine (lo\u010ditev star\u0161ev, smrt v dru\u017eini, rojstvo otroka\u2026).<\/li>\n<li>Pomo\u010d in svetovanje pri razumevanju in odpravljanju otrokovih razvojnih, \u010dustvenih in vedenjskih te\u017eavah in stiskah.<\/li>\n<li>Pomo\u010d pri pripravi celostne zgodnje obravnave pred\u0161olskih otrok s posebnimi potrebami.<\/li>\n<\/ul>\n<h4>SODELOVANJE Z VODSTVOM VRTCA<\/h4>\n<ul>\n<li>Sodelovanje in posvetovanje pri na\u010drtovanju, spremljanju in evalvaciji vsakdanjega \u017eivljenja in dela v vrtcu.<\/li>\n<\/ul>\n<h4>SODELOVANJE Z ZUNANJIMI USTANOVAMI<\/h4>\n<p>V projektih pomo\u010di, razvojnega in preventivnega dela po potrebi sodelovanje s:<\/p>\n<ul>\n<li>Centrom za komunikacijo, sluha in govora Portoro\u017e.<\/li>\n<li>Svetovalno slu\u017ebo osnovne \u0161ole.<\/li>\n<li>Razvojno ambulanto za zgodnjo obravnavo.<\/li>\n<li>Zavodom RS za \u0161olstvo.<\/li>\n<li>Centri za socialno delo.<\/li>\n<li>Svetovalnimi centri.<\/li>\n<li>Zdravstvenimi ustanovami.<\/li>\n<\/ul>\n<h3>Svetovalna delavka<\/h3>\n<p><strong>Sara \u0160tajdohar, uni.dipl.ped.<\/strong><br \/>\nE-naslov: <a href=\"mailto:sara.stajdohar@vrtecmorje.si\" target=\"_blank\" rel=\"noopener noreferrer\">sara.stajdohar@vrtecmorje.si<\/a><a href=\"mailto:sara.stajdohar@guest.arnes.si\"><br \/>\n<\/a>Telefon: 05 671 28 40<\/p>\n","protected":false},"excerpt":{"rendered":"<p>Za svetovanje in posvetovanje je svetovalna delavka na voljo od ponedeljka do petka od 8. do 15. ure po predhodnem dogovoru osebno ali po telefonu. Obrnete se lahko tudi na vzgojiteljico, ki se bo s svetovalno delavko dogovorila za obisk v enoti. Delo svetovalne delavke je namenjeno vsem otrokom v vrtcu s ciljem zagotoviti spodbudno &hellip;<\/p>\n<p class=\"read-more\"> <a class=\"\" href=\"https:\/\/vrtecmorje.si\/?page_id=463\"> <span class=\"screen-reader-text\">Svetovalna slu\u017eba<\/span> Preberi ve\u010d &raquo;<\/a><\/p>\n","protected":false},"author":1,"featured_media":0,"parent":0,"menu_order":0,"comment_status":"closed","ping_status":"closed","template":"","meta":{"site-sidebar-layout":"default","site-content-layout":"","ast-site-content-layout":"","site-content-style":"default","site-sidebar-style":"default","ast-global-header-display":"","ast-banner-title-visibility":"","ast-main-header-display":"","ast-hfb-above-header-display":"","ast-hfb-below-header-display":"","ast-hfb-mobile-header-display":"","site-post-title":"","ast-breadcrumbs-content":"","ast-featured-img":"","footer-sml-layout":"","theme-transparent-header-meta":"","adv-header-id-meta":"","stick-header-meta":"","header-above-stick-meta":"","header-main-stick-meta":"","header-below-stick-meta":"","astra-migrate-meta-layouts":"","ast-page-background-enabled":"default","ast-page-background-meta":{"desktop":{"background-color":"var(--ast-global-color-4)","background-image":"","background-repeat":"repeat","background-position":"center center","background-size":"auto","background-attachment":"scroll","background-type":"","background-media":"","overlay-type":"","overlay-color":"","overlay-gradient":""},"tablet":{"background-color":"","background-image":"","background-repeat":"repeat","background-position":"center center","background-size":"auto","background-attachment":"scroll","background-type":"","background-media":"","overlay-type":"","overlay-color":"","overlay-gradient":""},"mobile":{"background-color":"","background-image":"","background-repeat":"repeat","background-position":"center center","background-size":"auto","background-attachment":"scroll","background-type":"","background-media":"","overlay-type":"","overlay-color":"","overlay-gradient":""}},"ast-content-background-meta":{"desktop":{"background-color":"var(--ast-global-color-5)","background-image":"","background-repeat":"repeat","background-position":"center center","background-size":"auto","background-attachment":"scroll","background-type":"","background-media":"","overlay-type":"","overlay-color":"","overlay-gradient":""},"tablet":{"background-color":"var(--ast-global-color-5)","background-image":"","background-repeat":"repeat","background-position":"center center","background-size":"auto","background-attachment":"scroll","background-type":"","background-media":"","overlay-type":"","overlay-color":"","overlay-gradient":""},"mobile":{"background-color":"var(--ast-global-color-5)","background-image":"","background-repeat":"repeat","background-position":"center center","background-size":"auto","background-attachment":"scroll","background-type":"","background-media":"","overlay-type":"","overlay-color":"","overlay-gradient":""}},"footnotes":""},"_links":{"self":[{"href":"https:\/\/vrtecmorje.si\/index.php?rest_route=\/wp\/v2\/pages\/463"}],"collection":[{"href":"https:\/\/vrtecmorje.si\/index.php?rest_route=\/wp\/v2\/pages"}],"about":[{"href":"https:\/\/vrtecmorje.si\/index.php?rest_route=\/wp\/v2\/types\/page"}],"author":[{"embeddable":true,"href":"https:\/\/vrtecmorje.si\/index.php?rest_route=\/wp\/v2\/users\/1"}],"replies":[{"embeddable":true,"href":"https:\/\/vrtecmorje.si\/index.php?rest_route=%2Fwp%2Fv2%2Fcomments&post=463"}],"version-history":[{"count":1,"href":"https:\/\/vrtecmorje.si\/index.php?rest_route=\/wp\/v2\/pages\/463\/revisions"}],"predecessor-version":[{"id":464,"href":"https:\/\/vrtecmorje.si\/index.php?rest_route=\/wp\/v2\/pages\/463\/revisions\/464"}],"wp:attachment":[{"href":"https:\/\/vrtecmorje.si\/index.php?rest_route=%2Fwp%2Fv2%2Fmedia&parent=463"}],"curies":[{"name":"wp","href":"https:\/\/api.w.org\/{rel}","templated":true}]}}