{"id":439,"date":"2023-11-27T21:00:49","date_gmt":"2023-11-27T21:00:49","guid":{"rendered":"http:\/\/845.ablak.arnes.si\/?page_id=439"},"modified":"2023-11-27T21:00:49","modified_gmt":"2023-11-27T21:00:49","slug":"sodelovanje-s-starsi","status":"publish","type":"page","link":"https:\/\/vrtecmorje.si\/?page_id=439","title":{"rendered":"Sodelovanje s star\u0161i"},"content":{"rendered":"\n<h3 class=\"wp-block-heading\">Individualne pogovorne ure s star\u0161i:<\/h3>\n\n\n\n<ul>\n<li>vsakodnevni pogovori ob sprejemanju in oddajanju otrok,<\/li>\n\n\n\n<li>individualne pogovorne ure po potrebi star\u0161ev (v primerih, ko bodo star\u0161i sami izrazili potrebo za pogovorno uro) so jim na voljo kadarkoli v \u0161olskem letu v skupnem dogovoru z vzgojiteljico,<\/li>\n\n\n\n<li>poimenska vabila in vabila po potrebi \u2013 govorilne ure \u2013 enkrat mese\u010dno oz. vsaj en krat v \u0161ol letu.<\/li>\n<\/ul>\n\n\n\n<h3 class=\"wp-block-heading\">Roditeljski sestanki po oddelkih<\/h3>\n\n\n\n<ul>\n<li>3 krat letno &#8211; za teme se vzgojiteljice dogovorijo s star\u0161i in so zapisane v&nbsp; LND oddelka.<\/li>\n<\/ul>\n\n\n\n<h3 class=\"wp-block-heading\">Vklju\u010devanje star\u0161ev v vzgojni proces:<\/h3>\n\n\n\n<ul>\n<li>praznovanja,<\/li>\n\n\n\n<li>ustvarjalne delavnice,<\/li>\n\n\n\n<li>pohodi in izleti,<\/li>\n\n\n\n<li>pomo\u010d pri zbiranju materiala,<\/li>\n\n\n\n<li>delovne akcije,<\/li>\n\n\n\n<li>obiski na domu,<\/li>\n\n\n\n<li>sre\u010danja po \u017eelji star\u0161ev,<\/li>\n\n\n\n<li>pomo\u010d pri organizaciji izletov,<\/li>\n\n\n\n<li>in drugo po dogovoru na oddel\u010dnih roditeljskih sestankih.<\/li>\n<\/ul>\n\n\n\n<p>Vsako leto pripravimo strokovno predavanje za star\u0161e in v vrtec povabimo strokovnjaka za pred\u0161olsko podro\u010dje.<\/p>\n\n\n\n<h3 class=\"wp-block-heading\">Neposredno vklju\u010devanje star\u0161ev v oddelek<\/h3>\n\n\n\n<p>Sodelovanje med vrtcem in star\u0161i je pomemben vidik kakovosti pred\u0161olske vzgoje. Star\u0161i imajo pravico sodelovati pri na\u010drtovanju \u017eivljenja in dela v vrtcu in v oddelku ter po dogovoru s strokovnimi delavkami v oddelku tudi aktivno sodelovati pri vzgojnem delu, vendar ob upo\u0161tevanju strokovne avtonomnosti vrtca.<\/p>\n\n\n\n<h3 class=\"wp-block-heading\">Svet&nbsp; star\u0161ev<\/h3>\n\n\n\n<p>V Svetu star\u0161ev, so predstavniki star\u0161ev iz vsakega oddelka v vrtcu. Zastopajo svojo skupino star\u0161ev, prena\u0161ajo predloge, mnenja, poro\u010dajo o delu v Svetu star\u0161ev na roditeljskih sestankih. Imajo tudi svojo e po\u0161to, na katero lahko pi\u0161ejo predsedniku Sveta star\u0161ev.<\/p>\n","protected":false},"excerpt":{"rendered":"<p>Individualne pogovorne ure s star\u0161i: Roditeljski sestanki po oddelkih Vklju\u010devanje star\u0161ev v vzgojni proces: Vsako leto pripravimo strokovno predavanje za star\u0161e in v vrtec povabimo strokovnjaka za pred\u0161olsko podro\u010dje. Neposredno vklju\u010devanje star\u0161ev v oddelek Sodelovanje med vrtcem in star\u0161i je pomemben vidik kakovosti pred\u0161olske vzgoje. Star\u0161i imajo pravico sodelovati pri na\u010drtovanju \u017eivljenja in dela v &hellip;<\/p>\n<p class=\"read-more\"> <a class=\"\" href=\"https:\/\/vrtecmorje.si\/?page_id=439\"> <span class=\"screen-reader-text\">Sodelovanje s star\u0161i<\/span> Preberi ve\u010d &raquo;<\/a><\/p>\n","protected":false},"author":1,"featured_media":0,"parent":0,"menu_order":0,"comment_status":"closed","ping_status":"closed","template":"","meta":{"site-sidebar-layout":"default","site-content-layout":"","ast-site-content-layout":"","site-content-style":"default","site-sidebar-style":"default","ast-global-header-display":"","ast-banner-title-visibility":"","ast-main-header-display":"","ast-hfb-above-header-display":"","ast-hfb-below-header-display":"","ast-hfb-mobile-header-display":"","site-post-title":"","ast-breadcrumbs-content":"","ast-featured-img":"","footer-sml-layout":"","theme-transparent-header-meta":"","adv-header-id-meta":"","stick-header-meta":"","header-above-stick-meta":"","header-main-stick-meta":"","header-below-stick-meta":"","astra-migrate-meta-layouts":"","ast-page-background-enabled":"default","ast-page-background-meta":{"desktop":{"background-color":"var(--ast-global-color-4)","background-image":"","background-repeat":"repeat","background-position":"center center","background-size":"auto","background-attachment":"scroll","background-type":"","background-media":"","overlay-type":"","overlay-color":"","overlay-gradient":""},"tablet":{"background-color":"","background-image":"","background-repeat":"repeat","background-position":"center center","background-size":"auto","background-attachment":"scroll","background-type":"","background-media":"","overlay-type":"","overlay-color":"","overlay-gradient":""},"mobile":{"background-color":"","background-image":"","background-repeat":"repeat","background-position":"center center","background-size":"auto","background-attachment":"scroll","background-type":"","background-media":"","overlay-type":"","overlay-color":"","overlay-gradient":""}},"ast-content-background-meta":{"desktop":{"background-color":"var(--ast-global-color-5)","background-image":"","background-repeat":"repeat","background-position":"center center","background-size":"auto","background-attachment":"scroll","background-type":"","background-media":"","overlay-type":"","overlay-color":"","overlay-gradient":""},"tablet":{"background-color":"var(--ast-global-color-5)","background-image":"","background-repeat":"repeat","background-position":"center center","background-size":"auto","background-attachment":"scroll","background-type":"","background-media":"","overlay-type":"","overlay-color":"","overlay-gradient":""},"mobile":{"background-color":"var(--ast-global-color-5)","background-image":"","background-repeat":"repeat","background-position":"center center","background-size":"auto","background-attachment":"scroll","background-type":"","background-media":"","overlay-type":"","overlay-color":"","overlay-gradient":""}},"footnotes":""},"_links":{"self":[{"href":"https:\/\/vrtecmorje.si\/index.php?rest_route=\/wp\/v2\/pages\/439"}],"collection":[{"href":"https:\/\/vrtecmorje.si\/index.php?rest_route=\/wp\/v2\/pages"}],"about":[{"href":"https:\/\/vrtecmorje.si\/index.php?rest_route=\/wp\/v2\/types\/page"}],"author":[{"embeddable":true,"href":"https:\/\/vrtecmorje.si\/index.php?rest_route=\/wp\/v2\/users\/1"}],"replies":[{"embeddable":true,"href":"https:\/\/vrtecmorje.si\/index.php?rest_route=%2Fwp%2Fv2%2Fcomments&post=439"}],"version-history":[{"count":1,"href":"https:\/\/vrtecmorje.si\/index.php?rest_route=\/wp\/v2\/pages\/439\/revisions"}],"predecessor-version":[{"id":440,"href":"https:\/\/vrtecmorje.si\/index.php?rest_route=\/wp\/v2\/pages\/439\/revisions\/440"}],"wp:attachment":[{"href":"https:\/\/vrtecmorje.si\/index.php?rest_route=%2Fwp%2Fv2%2Fmedia&parent=439"}],"curies":[{"name":"wp","href":"https:\/\/api.w.org\/{rel}","templated":true}]}}