{"id":334,"date":"2023-11-16T19:34:04","date_gmt":"2023-11-16T19:34:04","guid":{"rendered":"http:\/\/845.ablak.arnes.si\/?page_id=334"},"modified":"2023-11-16T20:05:40","modified_gmt":"2023-11-16T20:05:40","slug":"jedilniki","status":"publish","type":"page","link":"https:\/\/vrtecmorje.si\/?page_id=334","title":{"rendered":"Jedilniki"},"content":{"rendered":"\n<p>Na\u0161a naloga je zagotoviti, da bo hrana na na\u0161ih mizah varna, pestra, uravnote\u017eena in varovalna. Smo zagovorniki EKO pridelane in predelane hrane. Spodbujamo okoli\u0161ko kmetijstvo, da pridelujejo sadje in zelenjavo za na\u0161e potrebe. Za na\u0161e otroke je dobro le najbolj\u0161e!!!<\/p>\n\n\n\n<p><strong>ALERGENI<\/strong><\/p>\n\n\n\n<p>1 \u017eita, ki vsebujejo gluten<br>2 raki in proizvodi iz njih<br>3 jajca in proizvodi iz njih<br>4 ribe in proizvodi iz njih<br>5 ara\u0161idi in proizvodi iz njih<br>6 soja in proizvodi iz nje<br>7 mleko in mle\u010dni izdelki<br>8 ore\u0161\u010dki in proizvodi iz njih<br>9 zelena in proizvodi iz nje<br>10 gor\u010di\u010dno seme in proizvodi iz njega<br>11 sezamovo seme in proizvodi iz njega<br>12 vol\u010dji bob in proizvodi iz njega<br>13 mehku\u017eci in proizvodi iz njih<\/p>\n","protected":false},"excerpt":{"rendered":"<p>Na\u0161a naloga je zagotoviti, da bo hrana na na\u0161ih mizah varna, pestra, uravnote\u017eena in varovalna. Smo zagovorniki EKO pridelane in predelane hrane. Spodbujamo okoli\u0161ko kmetijstvo, da pridelujejo sadje in zelenjavo za na\u0161e potrebe. Za na\u0161e otroke je dobro le najbolj\u0161e!!! ALERGENI 1 \u017eita, ki vsebujejo gluten2 raki in proizvodi iz njih3 jajca in proizvodi iz &hellip;<\/p>\n<p class=\"read-more\"> <a class=\"\" href=\"https:\/\/vrtecmorje.si\/?page_id=334\"> <span class=\"screen-reader-text\">Jedilniki<\/span> Preberi ve\u010d &raquo;<\/a><\/p>\n","protected":false},"author":1,"featured_media":0,"parent":0,"menu_order":0,"comment_status":"closed","ping_status":"closed","template":"","meta":{"site-sidebar-layout":"default","site-content-layout":"","ast-site-content-layout":"","site-content-style":"default","site-sidebar-style":"default","ast-global-header-display":"","ast-banner-title-visibility":"","ast-main-header-display":"","ast-hfb-above-header-display":"","ast-hfb-below-header-display":"","ast-hfb-mobile-header-display":"","site-post-title":"","ast-breadcrumbs-content":"","ast-featured-img":"","footer-sml-layout":"","theme-transparent-header-meta":"","adv-header-id-meta":"","stick-header-meta":"","header-above-stick-meta":"","header-main-stick-meta":"","header-below-stick-meta":"","astra-migrate-meta-layouts":"","ast-page-background-enabled":"default","ast-page-background-meta":{"desktop":{"background-color":"var(--ast-global-color-4)","background-image":"","background-repeat":"repeat","background-position":"center center","background-size":"auto","background-attachment":"scroll","background-type":"","background-media":"","overlay-type":"","overlay-color":"","overlay-gradient":""},"tablet":{"background-color":"","background-image":"","background-repeat":"repeat","background-position":"center center","background-size":"auto","background-attachment":"scroll","background-type":"","background-media":"","overlay-type":"","overlay-color":"","overlay-gradient":""},"mobile":{"background-color":"","background-image":"","background-repeat":"repeat","background-position":"center center","background-size":"auto","background-attachment":"scroll","background-type":"","background-media":"","overlay-type":"","overlay-color":"","overlay-gradient":""}},"ast-content-background-meta":{"desktop":{"background-color":"var(--ast-global-color-5)","background-image":"","background-repeat":"repeat","background-position":"center center","background-size":"auto","background-attachment":"scroll","background-type":"","background-media":"","overlay-type":"","overlay-color":"","overlay-gradient":""},"tablet":{"background-color":"var(--ast-global-color-5)","background-image":"","background-repeat":"repeat","background-position":"center center","background-size":"auto","background-attachment":"scroll","background-type":"","background-media":"","overlay-type":"","overlay-color":"","overlay-gradient":""},"mobile":{"background-color":"var(--ast-global-color-5)","background-image":"","background-repeat":"repeat","background-position":"center center","background-size":"auto","background-attachment":"scroll","background-type":"","background-media":"","overlay-type":"","overlay-color":"","overlay-gradient":""}},"footnotes":""},"_links":{"self":[{"href":"https:\/\/vrtecmorje.si\/index.php?rest_route=\/wp\/v2\/pages\/334"}],"collection":[{"href":"https:\/\/vrtecmorje.si\/index.php?rest_route=\/wp\/v2\/pages"}],"about":[{"href":"https:\/\/vrtecmorje.si\/index.php?rest_route=\/wp\/v2\/types\/page"}],"author":[{"embeddable":true,"href":"https:\/\/vrtecmorje.si\/index.php?rest_route=\/wp\/v2\/users\/1"}],"replies":[{"embeddable":true,"href":"https:\/\/vrtecmorje.si\/index.php?rest_route=%2Fwp%2Fv2%2Fcomments&post=334"}],"version-history":[{"count":2,"href":"https:\/\/vrtecmorje.si\/index.php?rest_route=\/wp\/v2\/pages\/334\/revisions"}],"predecessor-version":[{"id":349,"href":"https:\/\/vrtecmorje.si\/index.php?rest_route=\/wp\/v2\/pages\/334\/revisions\/349"}],"wp:attachment":[{"href":"https:\/\/vrtecmorje.si\/index.php?rest_route=%2Fwp%2Fv2%2Fmedia&parent=334"}],"curies":[{"name":"wp","href":"https:\/\/api.w.org\/{rel}","templated":true}]}}