{"id":177,"date":"2023-11-15T19:46:46","date_gmt":"2023-11-15T19:46:46","guid":{"rendered":"http:\/\/845.ablak.arnes.si\/?page_id=177"},"modified":"2023-11-15T19:46:46","modified_gmt":"2023-11-15T19:46:46","slug":"zdravje-in-prehrana","status":"publish","type":"page","link":"https:\/\/vrtecmorje.si\/?page_id=177","title":{"rendered":"Zdravje in prehrana"},"content":{"rendered":"\n<h2 class=\"wp-block-heading\">Zdrav otrok danes, je zdrav odrasli jutri<\/h2>\n\n\n\n<p>Pred\u0161olske otroke uvr\u0161\u010damo med najbolj ob\u010dutljivo skupino prebivalstva, zato je na\u0161a skrb za dobro na\u010drtovanje prehrane \u0161e posebej obvezujo\u010da. Pri tem uporabljamo na\u0161e znanje in vrsto orodij kot so:<\/p>\n\n\n\n<ul>\n<li>Smernice dobre higienske prakse za kuhinje vrtcev<\/li>\n\n\n\n<li>OPKP- odprta platforma za klini\u010dno prehrano<\/li>\n\n\n\n<li>Praktikum jedilnikov zdravega prehranjevanja v vzgojno izobra\u017eevalnih ustanovah<\/li>\n\n\n\n<li>Referen\u010dne vrednosti za vnose hrani<\/li>\n<\/ul>\n\n\n\n<p>Posamezne raziskave ka\u017eejo, da nepravilno izbrana, enoli\u010dna in osiroma\u0161ena prehrana vpliva na manj\u0161o odpornost proti razli\u010dnim boleznim in zmanj\u0161uje storilnost. Mi, se v na\u0161i kuhinji trudimo, da zadovoljimo dnevne potrebe hranil, ki jih otrok nujno potrebuje, zato je hrana na na\u0161ih mizah varna, pestra in varovalna.&nbsp; Za izpolnit vse to, so pomembni letni \u010das, lokalno pridelana in predelana \u017eivila, geografsko obmo\u010dje, ekolo\u0161ko pridelana in predelana \u017eivila (ekonomski dejavnik) in ne na zadnje znanje kuhinjskega osebja, ki z dodatnimi izobra\u017eevanji sledi trendom zdravega prehranjevanja in pri tem uvaja nova in zdrava \u017eivila v na\u0161e jedilnike.<\/p>\n\n\n\n<p>Vse ve\u010d pa imamo otrok, ki imajo prehransko alergijo ali nealergijsko preob\u010dutljivost za hrano (intoleranca). Star\u0161i morajo prinesti zdravni\u0161ko potrdilo, kjer je napisano za katero intoleranco ali alergijo otrok boleha. Ko dietne prehrane otrok ne potrebuje ve\u010d, prosimo, da star\u0161i to pisno potrdijo. Za njih pripravljamo jedi iz dolo\u010deno izbranih \u017eivil. Alergeni so na na\u0161ih jedilnikih posebej ozna\u010deni, kot tudi EKO izdelki in izdelki integrirane pridelave.<\/p>\n\n\n\n<p>Jedilniki so enotni za vse starostne skupine otrok v vrtcu, delno pa so prilagojeni za otroke prvega starostnega obdobja.<\/p>\n","protected":false},"excerpt":{"rendered":"<p>Zdrav otrok danes, je zdrav odrasli jutri Pred\u0161olske otroke uvr\u0161\u010damo med najbolj ob\u010dutljivo skupino prebivalstva, zato je na\u0161a skrb za dobro na\u010drtovanje prehrane \u0161e posebej obvezujo\u010da. Pri tem uporabljamo na\u0161e znanje in vrsto orodij kot so: Posamezne raziskave ka\u017eejo, da nepravilno izbrana, enoli\u010dna in osiroma\u0161ena prehrana vpliva na manj\u0161o odpornost proti razli\u010dnim boleznim in zmanj\u0161uje &hellip;<\/p>\n<p class=\"read-more\"> <a class=\"\" href=\"https:\/\/vrtecmorje.si\/?page_id=177\"> <span class=\"screen-reader-text\">Zdravje in prehrana<\/span> Preberi ve\u010d &raquo;<\/a><\/p>\n","protected":false},"author":1,"featured_media":0,"parent":0,"menu_order":0,"comment_status":"closed","ping_status":"closed","template":"","meta":{"site-sidebar-layout":"default","site-content-layout":"","ast-site-content-layout":"","site-content-style":"default","site-sidebar-style":"default","ast-global-header-display":"","ast-banner-title-visibility":"","ast-main-header-display":"","ast-hfb-above-header-display":"","ast-hfb-below-header-display":"","ast-hfb-mobile-header-display":"","site-post-title":"","ast-breadcrumbs-content":"","ast-featured-img":"","footer-sml-layout":"","theme-transparent-header-meta":"","adv-header-id-meta":"","stick-header-meta":"","header-above-stick-meta":"","header-main-stick-meta":"","header-below-stick-meta":"","astra-migrate-meta-layouts":"","ast-page-background-enabled":"default","ast-page-background-meta":{"desktop":{"background-color":"var(--ast-global-color-4)","background-image":"","background-repeat":"repeat","background-position":"center center","background-size":"auto","background-attachment":"scroll","background-type":"","background-media":"","overlay-type":"","overlay-color":"","overlay-gradient":""},"tablet":{"background-color":"","background-image":"","background-repeat":"repeat","background-position":"center center","background-size":"auto","background-attachment":"scroll","background-type":"","background-media":"","overlay-type":"","overlay-color":"","overlay-gradient":""},"mobile":{"background-color":"","background-image":"","background-repeat":"repeat","background-position":"center center","background-size":"auto","background-attachment":"scroll","background-type":"","background-media":"","overlay-type":"","overlay-color":"","overlay-gradient":""}},"ast-content-background-meta":{"desktop":{"background-color":"var(--ast-global-color-5)","background-image":"","background-repeat":"repeat","background-position":"center center","background-size":"auto","background-attachment":"scroll","background-type":"","background-media":"","overlay-type":"","overlay-color":"","overlay-gradient":""},"tablet":{"background-color":"var(--ast-global-color-5)","background-image":"","background-repeat":"repeat","background-position":"center center","background-size":"auto","background-attachment":"scroll","background-type":"","background-media":"","overlay-type":"","overlay-color":"","overlay-gradient":""},"mobile":{"background-color":"var(--ast-global-color-5)","background-image":"","background-repeat":"repeat","background-position":"center center","background-size":"auto","background-attachment":"scroll","background-type":"","background-media":"","overlay-type":"","overlay-color":"","overlay-gradient":""}},"footnotes":""},"_links":{"self":[{"href":"https:\/\/vrtecmorje.si\/index.php?rest_route=\/wp\/v2\/pages\/177"}],"collection":[{"href":"https:\/\/vrtecmorje.si\/index.php?rest_route=\/wp\/v2\/pages"}],"about":[{"href":"https:\/\/vrtecmorje.si\/index.php?rest_route=\/wp\/v2\/types\/page"}],"author":[{"embeddable":true,"href":"https:\/\/vrtecmorje.si\/index.php?rest_route=\/wp\/v2\/users\/1"}],"replies":[{"embeddable":true,"href":"https:\/\/vrtecmorje.si\/index.php?rest_route=%2Fwp%2Fv2%2Fcomments&post=177"}],"version-history":[{"count":1,"href":"https:\/\/vrtecmorje.si\/index.php?rest_route=\/wp\/v2\/pages\/177\/revisions"}],"predecessor-version":[{"id":178,"href":"https:\/\/vrtecmorje.si\/index.php?rest_route=\/wp\/v2\/pages\/177\/revisions\/178"}],"wp:attachment":[{"href":"https:\/\/vrtecmorje.si\/index.php?rest_route=%2Fwp%2Fv2%2Fmedia&parent=177"}],"curies":[{"name":"wp","href":"https:\/\/api.w.org\/{rel}","templated":true}]}}